{"id":2328,"date":"2016-04-08T20:55:13","date_gmt":"2016-04-08T18:55:13","guid":{"rendered":"http:\/\/www.ortho-team.it\/it\/?page_id=2328"},"modified":"2016-04-08T21:24:13","modified_gmt":"2016-04-08T19:24:13","slug":"i-trattamenti","status":"publish","type":"page","link":"http:\/\/www.ortho-team.it\/it\/i-trattamenti\/","title":{"rendered":"I trattamenti"},"content":{"rendered":"<p>[vc_row full_width=&#8221;0&#8243; full_height=&#8221;0&#8243; sep_bottom=&#8221;separator_bottom sep_angled_positive_bottom&#8221; particles=&#8221;0&#8243;][vc_column][vc_tta_accordion shape=&#8221;square&#8221; color=&#8221;white&#8221; spacing=&#8221;10&#8243; c_icon=&#8221;chevron&#8221; active_section=&#8221;100&#8243; collapsible_all=&#8221;true&#8221;][vc_tta_section title=&#8221;Anca&#8221; tab_id=&#8221;anca&#8221;][vc_row_inner][vc_column_inner][vc_empty_space][\/vc_column_inner][vc_column_inner width=&#8221;2\/3&#8243;][vc_column_text]L&#8217;articolazione dell&#8217;anca \u00e8 un giunto sferico e quindi altamente mobile. Siccome \u00e9 sottoposta a carichi pesanti, con l&#8217;avanzare dell&#8217;et\u00e1, sono frequenti i disturbi causati da fenomeni di usura. La conseguenza \u00e9 la cosidetta coxartrosi, un patologia che pu\u00f3 causare forte dolore e limitazione funzionale. In molti casi non \u00e9 possibile trovare la causa esatta della coxartrosi. Cause note sono: alterazioni congenite pi\u00fa o meno pronunciate della forma (geometria) articolare (displasia), malattie articolari infiammatorie come per esempio l&#8217;artrite reumatoide, traumi e carichi estremi.<br \/>\nIn molti casi l&#8217;impianto di un articolazione artificiale \u2013 artroprotesi (detta protesi d&#8217;anca) \u00e9<br \/>\nl&#8217;unico modo per risolvere il problema. La protesi d&#8217;anca \u00e8 una delle operazioni pi\u00f9 comunemente eseguite in generale. Lo sviluppo di materiali e design protesici avanzati e soprattutto metodi chirurgici sempre meno invasivi ha reso possibile una riabilitazione postoperatoria molto rapida. Noi usiamo un metodo chirurgico miniinvasivo da ormai quasi 10 anni. L&#8217;accesso chiriurgico all&#8217;anca \u00e9 anteriore, il taglio \u00e9 lungo da 6 a 10 cm e l&#8217;impianto avviene senza lesionare tendini e muscoli che circondano l&#8217;articolazione. Il vantaggio per il paziente \u00e9 evidentemeno danno chirurgico, periodo di ricovero breve e recupero funzionale veloce.<br \/>\n<strong>Opzioni di trattamento:<\/strong> Misure terapeutiche conservative : infiltrazioni, ginnastica, riabilitazione Protesi d&#8217;anca (metodo miniinvasivo con accesso anteriore) Interventi di revisione in protesi d&#8217;anca[\/vc_column_text][vc_empty_space height=&#8221;16px&#8221;][\/vc_column_inner][vc_column_inner width=&#8221;1\/3&#8243;]<!-- ========================== TEASER BOX ==========================-->\n\n<div class=\"teaser_box wpb_content_element text-center  skincolored_section boxed_special  \">\n\n\n  <div class=\"figure skincolored_section\">\n\n\n        \n\n        \n\n        <i class=\"fa fa-info-circle\"><\/i>\n\n\n\n\n  <\/div>\n\n  <div class=\"content text-center boxed_special \">\n    \n    <div class=\"hgroup\">\n       <h4>L'anca<\/h4>\n      \n    <\/div>\n\n    \n\n\n  <\/div>\n\n<\/div>\n\n<!-- END======================= TEASER BOX ==========================-->\n[vc_single_image image=&#8221;2201&#8243; img_size=&#8221;large&#8221;][\/vc_column_inner][vc_column_inner][vc_empty_space][\/vc_column_inner][\/vc_row_inner][\/vc_tta_section][vc_tta_section title=&#8221;Ginocchio&#8221; tab_id=&#8221;ginocchio&#8221;][vc_row_inner][vc_column_inner][vc_empty_space][\/vc_column_inner][vc_column_inner width=&#8221;2\/3&#8243;][vc_column_text]Il ginocchio \u00e9 l&#8217;articolazione pi\u00fa grande nell&#8217;uomo. \u00c8 composto da due articolazioni \u2013 quella tra troclea femorale e rotula e quella tra condili femorali e tibia. I movimenti sono quelli di una cerniera. In pi\u00fa \u00e9 possibile una rotazione limitata della gamba a ginocchio piegato. La cartilagine che riveste le superfici delle ossa che compongono l&#8217;articolazione e i menischi (dischi di cartilagine a forma di semiluna) consentono un movimento senza attrito. Purtroppo, proprio questa cartilagine \u00e9 soggetta spesso a fenomeni degenerativi (gonartrosi).<br \/>\nL&#8217;articolazione del ginocchio viene stabilizzato da legamenti forti. I pi\u00fa importanti sono i legamenti collaterali e al centro dell&#8217;articolazione i legamenti crociati. Queste strutture legamentose vengono spesso lesionate in incidenti sportivi.<\/p>\n<p><strong>Opzioni di trattamento<\/strong><br \/>\nMisure terapeutiche conservative (non chirurgiche) : Infiltrazioni peri- ed intraarticolari, immobilzzazione parziale e trattamento riabilitativo funzionale dopo lesioni legamentose, ginnastica riabilitativa Artroscopia del ginocchio per resezione parziale menisco o sutura del menisco<br \/>\nRicostruzione artroscopica del legamento crociato anteriore(con tendine semitendinoso o tendine<br \/>\nrotuleo)<br \/>\nOsteotomie correttive \u2013 in deformit\u00e1 di asse per esempio gamba a O<br \/>\nImpianto di artroprotesi parziali in casi di artrosi monocompartimentale<br \/>\nImpianto di artroprotesi totali (tricompartimentali) in artrosi di tutti i compartimenti articolari[\/vc_column_text][vc_empty_space height=&#8221;16px&#8221;][\/vc_column_inner][vc_column_inner width=&#8221;1\/3&#8243;]<!-- ========================== TEASER BOX ==========================-->\n\n<div class=\"teaser_box wpb_content_element text-center  skincolored_section boxed_special  \">\n\n\n  <div class=\"figure skincolored_section\">\n\n\n        \n\n        \n\n        <i class=\"fa fa-info-circle\"><\/i>\n\n\n\n\n  <\/div>\n\n  <div class=\"content text-center boxed_special \">\n    \n    <div class=\"hgroup\">\n       <h4>Ginocchio<\/h4>\n      \n    <\/div>\n\n    \n\n\n  <\/div>\n\n<\/div>\n\n<!-- END======================= TEASER BOX ==========================-->\n[vc_single_image image=&#8221;1935&#8243; img_size=&#8221;large&#8221;][\/vc_column_inner][vc_column_inner][vc_empty_space][\/vc_column_inner][\/vc_row_inner][\/vc_tta_section][vc_tta_section title=&#8221;Spalla&#8221; tab_id=&#8221;spalla&#8221;][vc_row_inner][vc_column_inner][vc_empty_space][\/vc_column_inner][vc_column_inner width=&#8221;2\/3&#8243;][vc_column_text]L&#8217;articolazione della spalla (articolazione glenoomerale) \u00e9 un giunto sferico con un ampio raggio di movimento. \u00c8 l&#8217;articolazione pi\u00f9 mobile del corpo umano. La grande motilit\u00e0, la netta differenza tra dimensioni di testa omerale e glena, e legamenti deboli sono le cause per le quali la spalla \u00e8 soggetta a problemi di instabilit\u00e1. La manifestazione classica dell&#8217;instabilit\u00e1 e la lussazione (acuta isolata o recidivante). Qualche volta per\u00f3 si manifesta anche solo con dolore e limitazione funzionale. In alcuni casi l&#8217;instabilit\u00e1 \u00e9 congenita, spesso si manifesta dopo traumi (acuti o cronici).<br \/>\nI problemi pi\u00fa frequenti alla spalla sono per\u00f2 disturbi causati da infiammazione , degenerazione o lesione traumatica della cuffia dei rotatori \u2013 cosi viene chiamato il gruppo di muscoli e tendini che avvolgono l&#8217;articolazione. I disturbi principali sono dolore, perdita di forza e rigidit\u00e1.<br \/>\nL&#8217;artrosi stessa dell&#8217;articolazione \u00e9 meno frequente nella spalla in confronto con anca \u00e9 ginocchio.<br \/>\nFa parte della spalla anche l&#8217;articolazione tra calvicola e acromion scapolare(la parte pi\u00fa alta e laterale della scapola). Quest&#8217;articolazione pu\u00f3 lussarsi a causa di una caduta sulla spalla. Parliamo della lussazione acromionclaveare. Una lesione che spesso deve essere trattata in modo chirurgico.<\/p>\n<p><strong>Opzioni di trattamento<\/strong><br \/>\nMisure terapeutiche conservative : infiltrazioni peri- ed intraarticolari, fisiocinesiterapia, esercizi riabilativi<br \/>\nTerapia chirugica: stabilizzazione artroscopica in casi di instabilit\u00e1 e lussazioni recidivanti<br \/>\ntrattamento artroscopico di patologie della cuffia dei rotatori<br \/>\nOstesintesi in caso di fratture<br \/>\nStabilizzazione in caso di lussazione acromionclaveare<br \/>\nProtesica della spalla[\/vc_column_text][vc_empty_space height=&#8221;16px&#8221;][\/vc_column_inner][vc_column_inner width=&#8221;1\/3&#8243;]<!-- ========================== TEASER BOX ==========================-->\n\n<div class=\"teaser_box wpb_content_element text-center  skincolored_section boxed_special  \">\n\n\n  <div class=\"figure skincolored_section\">\n\n\n        \n\n        \n\n        <i class=\"fa fa-info-circle\"><\/i>\n\n\n\n\n  <\/div>\n\n  <div class=\"content text-center boxed_special \">\n    \n    <div class=\"hgroup\">\n       <h4>Spalla<\/h4>\n      \n    <\/div>\n\n    \n\n\n  <\/div>\n\n<\/div>\n\n<!-- END======================= TEASER BOX ==========================-->\n[vc_single_image image=&#8221;2203&#8243; img_size=&#8221;large&#8221;][\/vc_column_inner][vc_column_inner][vc_empty_space][\/vc_column_inner][\/vc_row_inner][\/vc_tta_section][vc_tta_section title=&#8221;Piede&#8221; tab_id=&#8221;piede&#8221;][vc_row_inner][vc_column_inner][vc_empty_space][\/vc_column_inner][vc_column_inner width=&#8221;2\/3&#8243;][vc_column_text]Il piede ci porta per una vita. Ci sono numerosi proverbi che testimoniano l&#8217;importanza del piede nella nostra vita quotidiana. Il piede ha una struttura antomica e una funzionalit\u00e1 complessa. \u00c8 composto da numerose ossa e molte articolazioni. Distinguiamo varie unit\u00e1 funzionali quali sono l&#8217;articolazione tibiotarsica , l&#8217;articolazione sottoastragalica, il retropiede, il mesopiede e<br \/>\nl&#8217;avampiede. Siccome il piede e costantemente sotto carico molto spesso si verificano delle deformit\u00e1. Oltre alle deformit\u00e1 congenite, osserviamo il piede cavo, il piede pianovalgo e le deformit\u00e1 dell&#8217;avampiede molto frequenti come il piede trasversopiano, l&#8217;alluce valgo e le dita a martello. Inoltre sono relativemennte frequenti le lesioni traumatiche del piede.<\/p>\n<p><strong>Opzioni di trattamento:<\/strong><\/p>\n<p>Misure terapeutiche conservative:<br \/>\nprescrizione di plantari su misura, fisiocinesiterapia, terapie infiltrative<\/p>\n<p>Misure terapeutiche chirurgiche:<br \/>\nTrattamento chirurgico di lesioni traumatiche di ossa, tendini e legamenti<br \/>\nArtroscopia dell&#8217;articolazione tibiotarsica<br \/>\nArtrodesi delle articolazioni tibiotarsica, sottoastragalica e del mesopiede<br \/>\nIntervento miniinvasivo per correzione dell&#8217;alluce valgo e delle dita a martello<br \/>\nInterventi per neuralgia di morton e altre forme di metatarsalgia[\/vc_column_text][vc_empty_space height=&#8221;16px&#8221;][\/vc_column_inner][vc_column_inner width=&#8221;1\/3&#8243;]<!-- ========================== TEASER BOX ==========================-->\n\n<div class=\"teaser_box wpb_content_element text-center  skincolored_section boxed_special  \">\n\n\n  <div class=\"figure skincolored_section\">\n\n\n        \n\n        \n\n        <i class=\"fa fa-info-circle\"><\/i>\n\n\n\n\n  <\/div>\n\n  <div class=\"content text-center boxed_special \">\n    \n    <div class=\"hgroup\">\n       <h4>Piede<\/h4>\n      \n    <\/div>\n\n    \n\n\n  <\/div>\n\n<\/div>\n\n<!-- END======================= TEASER BOX ==========================-->\n[vc_single_image image=&#8221;2207&#8243; img_size=&#8221;large&#8221;][\/vc_column_inner][vc_column_inner][vc_empty_space][\/vc_column_inner][\/vc_row_inner][\/vc_tta_section][vc_tta_section title=&#8221;Mano&#8221; tab_id=&#8221;mano&#8221;][vc_row_inner][vc_column_inner][vc_empty_space][\/vc_column_inner][vc_column_inner width=&#8221;2\/3&#8243;][vc_column_text]Lo sceletro della mano \u00e9 composto da numerose ossa, 27 per esattezza , 8 soltanto sono le ossa carpali. La muscolatura che aziona polso e dita conta 33 unit\u00e1 . Gran parte di essi origina all&#8217;avambraccio e inserisce con i propri tendini alle ossa del polso e delle dita. Anatomia e funzione sono abbastanze complesse. Perci\u00f3 anche la terapia esige un alto grado di specializzazione. La frattura del polso \u00e9 in assoluto la pi\u00fa frequente nell&#8217;uomo. \u00c8 causato da una caduta sul braccio a mano tesa. Il trattamento si basa a secondo del tipo di frattura sia su metodi conservativi (riduzione incruenta e immobilizzazione in gesso) sia su metodi chirugici (riduzione aperta ed osteosintesi con placca). Disturbi frequenti della mano sono legati ad infiammazioni di tendini flessori ed estensori. Nel caso dei tendini flessori la conseguenza \u00e9 un restringimento relativo delle guaine che si manifesta con dolore e dito a scatto. Se sono coinvoilti i tendini al tunnel carpale, la strettezza porta ad irritazione e lesione del nervo mediano. Questo \u00e9 il nervo che conduce la sensibilit\u00e1 al tatto delle dita. I disturbi \u2013 dolore, parestesie e disestesie della dita sono quasi sempre cronici. Gran parte degli interventi chirurgici alla mano vengono eseguiti ambulatorialmente o in regime di day surgery.<\/p>\n<p><strong>Opzioni terapeutiche<\/strong><br \/>\nMisure di trattamento chirugici:<br \/>\nIntervento per dito a scatto<br \/>\nIntervento per sindrome del tunnel carpale<br \/>\nIntervento per tendinite cronica degli estensori del pollice (Morbo De Quervain)<br \/>\nAsportazione di gangli articolari e cisti<br \/>\nFasciectomia in Morbo Dupuytren<br \/>\nOsteosintesi di fratture<br \/>\nSutura di tendini[\/vc_column_text][vc_empty_space height=&#8221;16px&#8221;][\/vc_column_inner][vc_column_inner width=&#8221;1\/3&#8243;]<!-- ========================== TEASER BOX ==========================-->\n\n<div class=\"teaser_box wpb_content_element text-center  skincolored_section boxed_special  \">\n\n\n  <div class=\"figure skincolored_section\">\n\n\n        \n\n        \n\n        <i class=\"fa fa-info-circle\"><\/i>\n\n\n\n\n  <\/div>\n\n  <div class=\"content text-center boxed_special \">\n    \n    <div class=\"hgroup\">\n       <h4>Mano<\/h4>\n      \n    <\/div>\n\n    \n\n\n  <\/div>\n\n<\/div>\n\n<!-- END======================= TEASER BOX ==========================-->\n[vc_single_image image=&#8221;2205&#8243; img_size=&#8221;large&#8221; onclick=&#8221;link_image&#8221;][\/vc_column_inner][vc_column_inner][vc_empty_space][\/vc_column_inner][\/vc_row_inner][\/vc_tta_section][vc_tta_section title=&#8221;Colonna vertebrale&#8221; tab_id=&#8221;colonna_vertebrale&#8221;][vc_row_inner][vc_column_inner][vc_empty_space][\/vc_column_inner][vc_column_inner width=&#8221;2\/3&#8243;][vc_column_text]La colonna \u00e9 la struttura portante del nostro corpo. \u00c8 composta da 33 vertebre, le quali disposte una sopra l&#8217;altra e sono divise tra loro dai dischi intervertebrali. All&#8217;interno della colonna vertebrale si trova, protetta da questa, il midollo spinale. Come tutte le strutture del nostro corpo la colonna vertebrale \u00e9 sottoposta a processi degenerativi fisologici. Le strutture maggiormente coinvolte sono i dischi intervertebrali, le articolazioni intervertebrali, strutture legamentose e la musculatura. Questo processo di logoramento \u00e9 molto frequente nella colonna vertebrale. Con l&#8217;avanzare dell&#8217;et\u00e1 il contenuto idrico dei dischi intervertebrali si riduce, diventano piu\u00b4rigidi, sono soggetti a rotture e diminuiscono in altezza. La conseguenza sono ernie discali, instabilit\u00e1 e logoramento delle articolazioni intervertebrali. Inoltre pu\u00f3 ridursi il calibro dello spazio spinale. Il paziente soffre di mal di schiena cronico e in casi gravi si riduce drasticamente la deambulazione fino a causare paralisi parziali degli arti inferiori. Un&#8217;altra possibile conseguenza della degenerazione delle strutture vertebrali \u00e9 l&#8217;istaurarsi di un processo infiammatorio che coinvolge dischi intervertebrali, corpi vertebrali e facette articolari. Inoltre \u00e9 possibile anche un infezione batterica ematogena dei dischi intervertebrali la spondilodiscite. Le ultme due sono patologie molto dolorose ed invalidanti. Per ultimo dobbiamo segnalare i traumi vertebrali: fratture sia traumatiche che cedimenti strutturali a causa di osteoporosi, lesioni traumatiche di dischi intervertebrali e legamenti. Se viene lesionato il midollo spinale possiamo avere deficit neurologici parziali o paraparesi. Nella maggior parte dei casi il trattamento del \u201emal di schiena\u201c \u00e9 conservativo, non chirurgico. La terapia del dolore alla colonna si avvale di vari metodi infiltrativi solitamente eseguiti sotto controllo radiologico. Quali sono: infiltrazioni delle facette articolari, infiltrazioni periradicolari, infiltrazioni dell&#8217;articolazione sacroiliaca.<br \/>\nNon esguiamo interventi chirurgici alla colonna.[\/vc_column_text][vc_empty_space height=&#8221;16px&#8221;][\/vc_column_inner][vc_column_inner width=&#8221;1\/3&#8243;]<!-- ========================== TEASER BOX ==========================-->\n\n<div class=\"teaser_box wpb_content_element text-center  skincolored_section boxed_special  \">\n\n\n  <div class=\"figure skincolored_section\">\n\n\n        \n\n        \n\n        <i class=\"fa fa-info-circle\"><\/i>\n\n\n\n\n  <\/div>\n\n  <div class=\"content text-center boxed_special \">\n    \n    <div class=\"hgroup\">\n       <h4>Colonna vertebrale<\/h4>\n      \n    <\/div>\n\n    \n\n\n  <\/div>\n\n<\/div>\n\n<!-- END======================= TEASER BOX ==========================-->\n[vc_single_image image=&#8221;1933&#8243; img_size=&#8221;large&#8221; onclick=&#8221;link_image&#8221;][\/vc_column_inner][vc_column_inner][vc_empty_space][\/vc_column_inner][\/vc_row_inner][\/vc_tta_section][vc_tta_section title=&#8221;Traumatologia&#8221; tab_id=&#8221;traumatologia&#8221;][vc_row_inner][vc_column_inner][vc_empty_space][\/vc_column_inner][vc_column_inner width=&#8221;2\/3&#8243;][vc_column_text]Attribuiamo molta importanza ad una diagnostica radiologica approfondita. A questo scopo sono a nostra disposizione tutte le moderne metodiche radiologiche , dalla radiologia digitale convenzionale , alla tomografia assiale computerizzate (TAC) alle risonanza magnetica ad alta risoluzione. Applichiamo tutte le moderne metodiche conservative e chirugiche per il trattamento delle fratture.<br \/>\nPer la riabiltazione precoce ci avvaliamo della collaborazione con la clinica Dr. von Guggenberg a Bressanone.[\/vc_column_text][vc_empty_space height=&#8221;16px&#8221;][\/vc_column_inner][vc_column_inner width=&#8221;1\/3&#8243;]<!-- ========================== TEASER BOX ==========================-->\n\n<div class=\"teaser_box wpb_content_element text-center  skincolored_section boxed_special  \">\n\n\n  <div class=\"figure skincolored_section\">\n\n\n        \n\n        \n\n        <i class=\"fa fa-info-circle\"><\/i>\n\n\n\n\n  <\/div>\n\n  <div class=\"content text-center boxed_special \">\n    \n    <div class=\"hgroup\">\n       <h4>Traumatologia<\/h4>\n      \n    <\/div>\n\n    \n\n\n  <\/div>\n\n<\/div>\n\n<!-- END======================= TEASER BOX ==========================-->\n[vc_single_image image=&#8221;2199&#8243; img_size=&#8221;large&#8221; onclick=&#8221;link_image&#8221;][\/vc_column_inner][vc_column_inner][vc_empty_space][\/vc_column_inner][\/vc_row_inner][\/vc_tta_section][\/vc_tta_accordion][\/vc_column][\/vc_row][vc_row color_set=&#8221;secondary_section&#8221; full_width=&#8221;0&#8243; full_height=&#8221;0&#8243; transparent_overlay=&#8221;transparent_film&#8221; background=&#8221;bgimage&#8221; bgimage=&#8221;1238&#8243; parallax=&#8221;0&#8243; css=&#8221;.vc_custom_1460058651196{background-image: url(http:\/\/www.ortho-team.it\/brixen\/wp-content\/uploads\/2015\/09\/roentenbild-knie.jpg?id=2270) !important;}&#8221;][vc_column]<div class=\"section_header subtitle_bottom   fancy text-center\">\n\n    <h2>Informazioni utili per i nostri pazienti<\/h2>\n\n\n        <p>Avete ulteriori domande?<\/p>\n<\/div><div class=\"plethora_button wpb_content_element  text-center \">\n    <a href=\"http:\/\/www.ortho-team.it\/it\/informazioni-paziente\/\" class=\"btn btn-success with-icon \" title=\"\"  target=\"_self\">\n\n        \n        Tutte le informazioni per il paziente\n         <i class=\"wmi icon-i-registration\"><\/i> \n\n    <\/a>\n<\/div>[\/vc_column][\/vc_row]<\/p>\n","protected":false},"excerpt":{"rendered":"<p>[vc_row full_width=&#8221;0&#8243; full_height=&#8221;0&#8243; sep_bottom=&#8221;separator_bottom sep_angled_positive_bottom&#8221; particles=&#8221;0&#8243;][vc_column][vc_tta_accordion shape=&#8221;square&#8221; color=&#8221;white&#8221; spacing=&#8221;10&#8243; c_icon=&#8221;chevron&#8221; active_section=&#8221;100&#8243; collapsible_all=&#8221;true&#8221;][vc_tta_section title=&#8221;Anca&#8221; tab_id=&#8221;anca&#8221;][vc_row_inner][vc_column_inner][vc_empty_space][\/vc_column_inner][vc_column_inner width=&#8221;2\/3&#8243;][vc_column_text]L&#8217;articolazione dell&#8217;anca \u00e8 un giunto sferico e quindi altamente mobile. Siccome \u00e9 sottoposta a carichi pesanti, con l&#8217;avanzare dell&#8217;et\u00e1, sono frequenti i disturbi causati da fenomeni di usura. La conseguenza \u00e9 la cosidetta coxartrosi, un patologia che pu\u00f3 causare forte dolore [&hellip;]<\/p>\n","protected":false},"author":1,"featured_media":2269,"parent":0,"menu_order":0,"comment_status":"closed","ping_status":"closed","template":"","meta":{"_mi_skip_tracking":false},"_links":{"self":[{"href":"http:\/\/www.ortho-team.it\/it\/wp-json\/wp\/v2\/pages\/2328"}],"collection":[{"href":"http:\/\/www.ortho-team.it\/it\/wp-json\/wp\/v2\/pages"}],"about":[{"href":"http:\/\/www.ortho-team.it\/it\/wp-json\/wp\/v2\/types\/page"}],"author":[{"embeddable":true,"href":"http:\/\/www.ortho-team.it\/it\/wp-json\/wp\/v2\/users\/1"}],"replies":[{"embeddable":true,"href":"http:\/\/www.ortho-team.it\/it\/wp-json\/wp\/v2\/comments?post=2328"}],"version-history":[{"count":10,"href":"http:\/\/www.ortho-team.it\/it\/wp-json\/wp\/v2\/pages\/2328\/revisions"}],"predecessor-version":[{"id":2344,"href":"http:\/\/www.ortho-team.it\/it\/wp-json\/wp\/v2\/pages\/2328\/revisions\/2344"}],"wp:featuredmedia":[{"embeddable":true,"href":"http:\/\/www.ortho-team.it\/it\/wp-json\/wp\/v2\/media\/2269"}],"wp:attachment":[{"href":"http:\/\/www.ortho-team.it\/it\/wp-json\/wp\/v2\/media?parent=2328"}],"curies":[{"name":"wp","href":"https:\/\/api.w.org\/{rel}","templated":true}]}}