{"id":2346,"date":"2016-04-08T22:14:07","date_gmt":"2016-04-08T20:14:07","guid":{"rendered":"http:\/\/www.ortho-team.it\/it\/?page_id=2346"},"modified":"2016-04-08T22:39:39","modified_gmt":"2016-04-08T20:39:39","slug":"visita-specialistica","status":"publish","type":"page","link":"http:\/\/www.ortho-team.it\/it\/visita-specialistica\/","title":{"rendered":"Visita specialistica"},"content":{"rendered":"<p>[vc_row color_set=&#8221;skincolored_section&#8221; full_width=&#8221;0&#8243; full_height=&#8221;1&#8243; full_height_valign=&#8221;full_height vertical_center&#8221; row_padding=&#8221;no_padding&#8221; background=&#8221;bgimage&#8221; bgimage=&#8221;1826&#8243; parallax=&#8221;1&#8243;][vc_column][vc_empty_space height=&#8221;128px&#8221;]<div class=\"section_header subtitle_bottom   fancy text-center\">\n\n    <h1 style=\"text-align: center;\">Concordare un appuntamento<\/h1>\n\n\n        <p> per un visita specialistica<\/p>\n<\/div>[vc_row_inner el_class=&#8221;folded_section&#8221;][vc_column_inner width=&#8221;1\/2&#8243; color_set=&#8221;dark_section&#8221; transparent_overlay=&#8221;transparent_film&#8221; boxed=&#8221;boxed_plus&#8221; same_height_col=&#8221;same_height_col&#8221;][vc_empty_space][vc_column_text]<\/p>\n<h3>Comoda prenotazione online<\/h3>\n<p>Potete concordare un appuntamento per un visita specialistica tramite <a href=\"http:\/\/www.ortho-team.it\/kontakt\/\">email<\/a><br \/>\no via telefono (da luned\u00ed a gioved\u00ed dalle ore 8.30 alle ore 17,<br \/>\nil venerd\u00ed dalle 8.30 alle 14.30).<\/p>\n<h3>Notate<\/h3>\n<p>Preghiamo di portare al momento della visita la carta di identit\u00e1, il tesserino sanitario, pregresse radiografie ed altra docuentazione sanitaria pertinente.<\/p>\n<h3>Telefono<\/h3>\n<p>Telefonicamente ci raggiungete al numero (+39) 0472 824805[\/vc_column_text][vc_empty_space][\/vc_column_inner][vc_column_inner width=&#8221;1\/2&#8243; color_set=&#8221;dark_section&#8221; transparent_overlay=&#8221;transparent_film&#8221; boxed=&#8221;boxed_plus&#8221; same_height_col=&#8221;same_height_col&#8221;][vc_empty_space]<div role=\"form\" class=\"wpcf7\" id=\"wpcf7-f2366-o1\" lang=\"en-US\" dir=\"ltr\">\n<div class=\"screen-reader-response\"><p role=\"status\" aria-live=\"polite\" aria-atomic=\"true\"><\/p> <ul><\/ul><\/div>\n<form action=\"\/it\/wp-json\/wp\/v2\/pages\/2346#wpcf7-f2366-o1\" method=\"post\" class=\"wpcf7-form init\" novalidate=\"novalidate\" data-status=\"init\">\n<div style=\"display: none;\">\n<input type=\"hidden\" name=\"_wpcf7\" value=\"2366\" \/>\n<input type=\"hidden\" name=\"_wpcf7_version\" value=\"5.5.6\" \/>\n<input type=\"hidden\" name=\"_wpcf7_locale\" value=\"en_US\" \/>\n<input type=\"hidden\" name=\"_wpcf7_unit_tag\" value=\"wpcf7-f2366-o1\" \/>\n<input type=\"hidden\" name=\"_wpcf7_container_post\" value=\"0\" \/>\n<input type=\"hidden\" name=\"_wpcf7_posted_data_hash\" value=\"\" \/>\n<input type=\"hidden\" name=\"_wpcf7_recaptcha_response\" value=\"\" \/>\n<\/div>\n<p><span class=\"wpcf7-form-control-wrap vorname\"><input type=\"text\" name=\"vorname\" value=\"\" size=\"40\" class=\"wpcf7-form-control wpcf7-form-control form-control wpcf7-validates-as-required\" aria-required=\"true\" aria-invalid=\"false\" placeholder=\"Nome\" \/><\/span><\/p>\n<p><span class=\"wpcf7-form-control-wrap nachname\"><input type=\"text\" name=\"nachname\" value=\"\" size=\"40\" class=\"wpcf7-form-control wpcf7-form-control form-control wpcf7-validates-as-required\" aria-required=\"true\" aria-invalid=\"false\" placeholder=\"Cognome\" \/><\/span><\/p>\n<p><span class=\"wpcf7-form-control-wrap email\"><input type=\"email\" name=\"email\" value=\"\" size=\"40\" class=\"wpcf7-form-control wpcf7-form-control form-control wpcf7-form-control form-control wpcf7-validates-as-required wpcf7-validates-as-email\" aria-required=\"true\" aria-invalid=\"false\" placeholder=\"Indirizzo e-mail\" \/><\/span><\/p>\n<p><span class=\"wpcf7-form-control-wrap date\"><input type=\"text\" name=\"date\" value=\"\" size=\"40\" class=\"wpcf7-form-control wpcf7-form-control form-control wpcf7-validates-as-required\" aria-required=\"true\" aria-invalid=\"false\" placeholder=\"Data per la visita\" \/><\/span><\/p>\n<p><span class=\"wpcf7-form-control-wrap message\"><textarea name=\"message\" cols=\"40\" rows=\"4\" class=\"wpcf7-form-control wpcf7-form-control wpcf7-form-control form-control\" aria-invalid=\"false\" placeholder=\"Messaggio\"><\/textarea><\/span> <\/p>\n<p><input type=\"submit\" value=\"Penotare\" class=\"wpcf7-form-control has-spinner wpcf7-submit btn btn-primary\" \/><\/p>\n<p style=\"display: none !important;\"><label>&#916;<textarea name=\"_wpcf7_ak_hp_textarea\" cols=\"45\" rows=\"8\" maxlength=\"100\"><\/textarea><\/label><input type=\"hidden\" id=\"ak_js_1\" name=\"_wpcf7_ak_js\" value=\"35\"\/><script>document.getElementById( \"ak_js_1\" ).setAttribute( \"value\", ( new Date() ).getTime() );<\/script><\/p><div class=\"wpcf7-response-output\" aria-hidden=\"true\"><\/div><\/form><\/div>[vc_empty_space][\/vc_column_inner][\/vc_row_inner][\/vc_column][\/vc_row]<\/p>\n","protected":false},"excerpt":{"rendered":"<p>[vc_row color_set=&#8221;skincolored_section&#8221; full_width=&#8221;0&#8243; full_height=&#8221;1&#8243; full_height_valign=&#8221;full_height vertical_center&#8221; row_padding=&#8221;no_padding&#8221; background=&#8221;bgimage&#8221; bgimage=&#8221;1826&#8243; parallax=&#8221;1&#8243;][vc_column][vc_empty_space height=&#8221;128px&#8221;][vc_row_inner el_class=&#8221;folded_section&#8221;][vc_column_inner width=&#8221;1\/2&#8243; color_set=&#8221;dark_section&#8221; transparent_overlay=&#8221;transparent_film&#8221; boxed=&#8221;boxed_plus&#8221; same_height_col=&#8221;same_height_col&#8221;][vc_empty_space][vc_column_text] Comoda prenotazione online Potete concordare un appuntamento per un visita specialistica tramite email o via telefono (da luned\u00ed a gioved\u00ed dalle ore 8.30 alle ore 17, il venerd\u00ed dalle 8.30 alle 14.30). Notate Preghiamo di portare al momento [&hellip;]<\/p>\n","protected":false},"author":1,"featured_media":0,"parent":0,"menu_order":0,"comment_status":"closed","ping_status":"closed","template":"","meta":{"_mi_skip_tracking":false},"_links":{"self":[{"href":"http:\/\/www.ortho-team.it\/it\/wp-json\/wp\/v2\/pages\/2346"}],"collection":[{"href":"http:\/\/www.ortho-team.it\/it\/wp-json\/wp\/v2\/pages"}],"about":[{"href":"http:\/\/www.ortho-team.it\/it\/wp-json\/wp\/v2\/types\/page"}],"author":[{"embeddable":true,"href":"http:\/\/www.ortho-team.it\/it\/wp-json\/wp\/v2\/users\/1"}],"replies":[{"embeddable":true,"href":"http:\/\/www.ortho-team.it\/it\/wp-json\/wp\/v2\/comments?post=2346"}],"version-history":[{"count":7,"href":"http:\/\/www.ortho-team.it\/it\/wp-json\/wp\/v2\/pages\/2346\/revisions"}],"predecessor-version":[{"id":2367,"href":"http:\/\/www.ortho-team.it\/it\/wp-json\/wp\/v2\/pages\/2346\/revisions\/2367"}],"wp:attachment":[{"href":"http:\/\/www.ortho-team.it\/it\/wp-json\/wp\/v2\/media?parent=2346"}],"curies":[{"name":"wp","href":"https:\/\/api.w.org\/{rel}","templated":true}]}}